{"id":18263,"date":"2019-10-18T16:19:05","date_gmt":"2019-10-18T14:19:05","guid":{"rendered":"https:\/\/www.summerintheusa.com\/privacy-policy\/"},"modified":"2021-12-20T11:40:13","modified_gmt":"2021-12-20T10:40:13","slug":"privacy-policy","status":"publish","type":"page","link":"https:\/\/www.summerintheusa.com\/eu\/privacy-policy\/","title":{"rendered":"Privacy Policy"},"content":{"rendered":"<p class=\"p1\"><span class=\"s1\"><b>AVISO LEGAL.-<\/b><\/span><\/p>\n<p class=\"p1\"><span class=\"s2\">En cumplimiento de la Ley 34\/2002 de 11 de julio, de servicios de la sociedad de la informaci\u00f3n y comercio electr\u00f3nico le informamos que los datos del responsable de la web son:<\/span><\/p>\n<p class=\"p1\"><span class=\"s2\"><b>EMPRESA: ASOCIACION<span class=\"Apple-converted-space\">\u00a0 <\/span>INTERCULTURAL<span class=\"Apple-converted-space\">\u00a0 <\/span>INPACT<span class=\"Apple-converted-space\">\u00a0 <\/span>ALLIANCE<span class=\"Apple-converted-space\">\u00a0 <\/span>(SUMMER<span class=\"Apple-converted-space\">\u00a0 <\/span>IN<span class=\"Apple-converted-space\">\u00a0 <\/span>THE<span class=\"Apple-converted-space\">\u00a0 <\/span>USA)<\/b><\/span><\/p>\n<p class=\"p1\"><span class=\"s2\"><b>DIRECCION: C\/ Moraza 1B-3\u00baD\u00a0\u2013 20006 DONOSTIA<\/b><\/span><\/p>\n<p class=\"p2\"><span class=\"s2\"><b>TELEFONO\/E-MAIL :<span class=\"Apple-converted-space\">\u00a0 <\/span>943.22.49.32<span class=\"Apple-converted-space\">\u00a0 <\/span>&#8211;<span class=\"Apple-converted-space\">\u00a0 <\/span>oficina<\/b><\/span><span class=\"s3\"><b>@summerintheusa.com<\/b><\/span><\/p>\n<p class=\"p1\"><span class=\"s1\"><b>OBJETO.-<\/b><\/span><\/p>\n<p class=\"p1\"><span class=\"s2\"><b>SUMMER IN THE USA, <\/b>responsable del sitio web, pone a disposici\u00f3n de los usuarios el presente documento con el que pretende dar cumplimiento a las obligaciones dispuestas en la Ley 34\/2002, de Servicios de la Sociedad de la Informaci\u00f3n y del Comercio Electr\u00f3nico (LSSI-CE), as\u00ed como informar a todos los usuarios del sitio web respecto a cu\u00e1les son las condiciones de uso del sitio web.<\/span><\/p>\n<p class=\"p1\"><span class=\"s2\">Toda persona que acceda a este sitio web asume el papel de usuario, comprometi\u00e9ndose a la observancia y cumplimiento riguroso de las disposiciones aqu\u00ed dispuestas, as\u00ed como a cualesquiera otra disposici\u00f3n legal que fuera de aplicaci\u00f3n.<\/span><\/p>\n<p class=\"p1\"><span class=\"s2\"><b>SUMMER IN THE USA<\/b>, se reserva el derecho a modificar cualquier tipo de informaci\u00f3n que pudiera aparecer en el sitio web, sin que exista obligaci\u00f3n de poner en conocimiento de los usuarios dichas obligaciones, entendi\u00e9ndose como suficiente con la publicaci\u00f3n en el sitio web.<\/span><\/p>\n<p class=\"p1\"><span class=\"s1\"><b>C00KIES.-<\/b><\/span><\/p>\n<p class=\"p1\"><span class=\"s2\">El portal utiliza cookies, considerandose a este efecto las cookies como ficheros f\u00edsicos de informaci\u00f3n alojados en el propio terminal del Usuario y que sirven para facilitar la navegaci\u00f3n del Usuario por el portal. De todas formas, el Usuario tiene la posibilidad de configurar el navegador de tal modo que impida la instalaci\u00f3n de estos archivos.<\/span><\/p>\n<p class=\"p4\"><span class=\"s2\">El titular no asume ninguna responsabilidad sobre los enlaces externos que, en su caso, pudieran incluirse en el portal, ya que no tiene ning\u00fan tipo de control sobre los mismos, por lo que el Usuario accede bajo su exclusiva responsabilidad al contenido y en las condiciones de uso que rijan en los mismos.<\/span><\/p>\n<p class=\"p4\"><span class=\"s1\"><b>PROPIEDAD INTELECTUAL.-<\/b><\/span><\/p>\n<p class=\"p5\"><span class=\"s2\">Los derechos de propiedad intelectual del contenido de las p\u00e1ginas web, su dise\u00f1o gr\u00e1fico y c\u00f3digos son titularidad de <b>SUMMER IN THE USA, <\/b>y, por tanto, queda prohibida su reproducci\u00f3n, distribuci\u00f3n, comunicaci\u00f3n p\u00fablica, transformaci\u00f3n o cualquier otra actividad que se pueda realizar con los contenidos de sus p\u00e1ginas web. Todos los nombres comerciales, marcas o signos distintos de cualquier clase contenidos en las p\u00e1ginas web de la Empresa son propiedad de sus due\u00f1os y est\u00e1n protegidos por ley.<\/span><\/p>\n<p class=\"p4\"><span class=\"s1\"><b>POLITICA DE PRIVACIDAD.-<\/b><\/span><\/p>\n<p class=\"p5\"><span class=\"s2\">De conformidad con el <\/span><span class=\"s5\">Reglamento (UE)2016\/679 del Parlamento Europeo y del Consejo, de 27 de Abril de 2016, (RGPD) ,y <\/span><span class=\"s6\"><b>la LEY ORGANICA 3\/2018, DE 5 DE DICIEMBRE, DE PROTECCION DE DATOS PERSONALES Y <\/b><\/span><span class=\"s7\"><b>GARANTIA<\/b><\/span><span class=\"s6\"><b> DE DERECHOS DIGILTALES<\/b><\/span><span class=\"s2\">, relativo a la protecci\u00f3n de las personas f\u00edsicas en lo que respecta al tratamiento de datos personales, , le informamos que los datos de car\u00e1cter personal que Vd. proporciona a trav\u00e9s de la p\u00e1gina web, ser\u00e1n incluidos en un fichero automatizado del que es responsable el titular de la p\u00e1gina web y que resultan necesarios para la tramitaci\u00f3n de su solicitud o gesti\u00f3n, as\u00ed como para prestar los servicios que en ella se establecen.<\/span><\/p>\n<p class=\"p5\"><span class=\"s1\"><b>CONSENTIMIENTO Y DERECHOS.-<\/b><\/span><span class=\"s2\">El env\u00edo de cualquier comunicaci\u00f3n por parte del usuario supone que presta su consentimiento expreso a la recogida de sus datos por parte de<b> SUMMER IN THE USA<\/b>, sabiendo que estos ser\u00e1n almacenados en los ficheros de su propiedad. Los titulares de los datos tienen el derecho de acceso, rectificaci\u00f3n, cancelaci\u00f3n, oposici\u00f3n, a la portabilidad de los datos y a la limitaci\u00f3n del tratamiento de sus datos en virtud de lo establecido en la LOPD y en el RGPD respectivamente. <\/span><\/p>\n<p class=\"p7\"><span class=\"s2\">Para ejercitar estos derechos los titulares de los datos pueden dirigir una petici\u00f3n escrita por correo postal acompa\u00f1ada de fotocopia de DNI<span class=\"Apple-converted-space\">\u00a0 <\/span>a la siguiente direcci\u00f3n:<span class=\"Apple-converted-space\">\u00a0 <\/span><b>CALLE VITORIA-GAZTEIZ,<span class=\"Apple-converted-space\">\u00a0 <\/span>N\u00ba 18 BAJO \u2013 20018 DONOSTIA. <\/b>Tambi\u00e9n pueden dirigirse por v\u00eda electr\u00f3nica a la direcci\u00f3n de contacto: <span class=\"Apple-converted-space\">\u00a0 <\/span><b>oficina<\/b><\/span><span class=\"s3\"><b>@<\/b><\/span><span class=\"s8\"><b>sammerintheusa.com<\/b><\/span><\/p>\n<p class=\"p4\"><span class=\"s1\"><b>MEDIDAS DE SEGURIDAD.-<\/b><\/span><\/p>\n<p class=\"p5\"><span class=\"s2\"><b>SUMMER IN THE USA<\/b>, ha adoptado las medidas de seguridad de protecci\u00f3n de los Datos Personales legalmente requeridos, para evitar la p\u00e9rdida, mal uso, alteraci\u00f3n, acceso no autorizado y robo de los Datos Personales, habida cuenta en todo momento del estado de la tecnolog\u00eda. <\/span><\/p>\n<p class=\"p5\"><span class=\"s2\"><b>SUMMER IN THE USA<\/b>,<span class=\"Apple-converted-space\">\u00a0 <\/span>no ser\u00e1 responsable de posibles da\u00f1os o perjuicios que se pudieran derivar de interferencias, omisiones, interrupciones, virus inform\u00e1ticos, aver\u00edas telef\u00f3nicas o desconexiones en el funcionamiento operativo de este sistema electr\u00f3nico, motivadas por causas ajenas a<b> SUMMER IN THE USA<\/b>,<span class=\"Apple-converted-space\">\u00a0 <\/span>de retrasos o bloqueos en el uso del presente sistema electr\u00f3nico causados por deficiencias o sobrecargas de l\u00edneas telef\u00f3nicas o sobrecargas en el Centro de Procesos de Datos, en el sistema de Internet o en otros sistemas electr\u00f3nicos, as\u00ed como de da\u00f1os que puedan ser causados por terceras personas mediante intromisiones ileg\u00edtimas fuera del control de SUMMER IN THE USA. <\/span><\/p>\n<p class=\"p5\"><span class=\"s2\">Ello, no obstante, el Usuario debe ser consciente de que las medidas de seguridad en Internet no son inexpugnables.<\/span><\/p>\n<p class=\"p4\"><span class=\"s1\"><b>PERIODO DE CONSERVACION DE LOS DATOS.-<\/b><\/span><\/p>\n<p class=\"p4\"><span class=\"s2\">Los datos personales se conservar\u00e1n durante la vigencia de la relaci\u00f3n que mantiene con nosotros y en todo caso durante los plazos previstos en las disposiciones legales aplicables y durante el tiempo que resulte estrictamente necesario para atender a posibles responsabilidades nacidas del tratamiento.En todo caso, cancelaremos sus datos cuando hayan dejado de ser necesarios o pertinentes para las finalidades para las cuales fueron recabados transcurridos 10 a\u00f1os desde la \u00faltima contrataci\u00f3n de servicio, siempre y cuando no haya solicitado la cancelaci\u00f3n de los datos con anterioridad.<\/span><\/p>\n<p class=\"p4\"><span class=\"s2\">Los datos tratados para fines comerciales se conservar\u00e1n vigentes mientras no solicite su supresi\u00f3n. El usuario puede en cualquier momento revocar el consentimiento sobre el tratamiento de sus datos personales mediante el env\u00edo de un correo electr\u00f3nico a gorka@lamylazkao.com<\/span><\/p>\n<p class=\"p4\"><span class=\"s1\"><b>CESIONES DE DATOS.-<\/b><\/span><\/p>\n<p class=\"p4\"><span class=\"s2\">No se ceder\u00e1n datos a Terceros, salvo cumplimiento de las obligaciones legales, o por las necesidades inherentes a la preparaci\u00f3n de los viajes propios<span class=\"Apple-converted-space\">\u00a0 <\/span>de los cursos de la academia en el extranjero.<\/span><\/p>\n<p class=\"p4\"><span class=\"s1\"><b>LEGISLACION APLICABLE.-<\/b><\/span><\/p>\n<p class=\"p4\"><span class=\"s2\">El presente aviso legal, se rige en todos y cada uno de sus extremos por la legislaci\u00f3n espa\u00f1ola<\/span><\/p>\n","protected":false},"excerpt":{"rendered":"<p>AVISO LEGAL.- En cumplimiento de la Ley 34\/2002 de 11 de julio, de servicios de la sociedad de la informaci\u00f3n y comercio electr\u00f3nico le informamos que los datos del responsable de la web son: EMPRESA: ASOCIACION\u00a0 INTERCULTURAL\u00a0 INPACT\u00a0 ALLIANCE\u00a0 (SUMMER\u00a0 IN\u00a0 THE\u00a0 USA) DIRECCION: C\/&#8230;<\/p>\n","protected":false},"author":1,"featured_media":0,"parent":0,"menu_order":0,"comment_status":"closed","ping_status":"closed","template":"","meta":{"footnotes":""},"class_list":["post-18263","page","type-page","status-publish","hentry"],"yoast_head":"<!-- This site is optimized with the Yoast SEO plugin v26.9 - https:\/\/yoast.com\/product\/yoast-seo-wordpress\/ -->\n<title>Privacy Policy - Summer in the USA - SUSA<\/title>\n<meta name=\"robots\" content=\"index, follow, max-snippet:-1, max-image-preview:large, max-video-preview:-1\" \/>\n<link rel=\"canonical\" href=\"https:\/\/www.summerintheusa.com\/privacy-policy\/\" \/>\n<meta property=\"og:locale\" content=\"eu_ES\" \/>\n<meta property=\"og:type\" content=\"article\" \/>\n<meta property=\"og:title\" content=\"Privacy Policy - Summer in the USA - SUSA\" \/>\n<meta property=\"og:description\" content=\"AVISO LEGAL.- En cumplimiento de la Ley 34\/2002 de 11 de julio, de servicios de la sociedad de la informaci\u00f3n y comercio electr\u00f3nico le informamos que los datos del responsable de la web son: EMPRESA: ASOCIACION\u00a0 INTERCULTURAL\u00a0 INPACT\u00a0 ALLIANCE\u00a0 (SUMMER\u00a0 IN\u00a0 THE\u00a0 USA) DIRECCION: C\/...\" \/>\n<meta property=\"og:url\" content=\"https:\/\/www.summerintheusa.com\/privacy-policy\/\" \/>\n<meta property=\"og:site_name\" content=\"Summer in the USA - SUSA\" \/>\n<meta property=\"article:modified_time\" content=\"2021-12-20T10:40:13+00:00\" \/>\n<meta name=\"twitter:card\" content=\"summary_large_image\" \/>\n<meta name=\"twitter:label1\" content=\"Est. reading time\" \/>\n\t<meta name=\"twitter:data1\" content=\"5 minutes\" \/>\n<script type=\"application\/ld+json\" class=\"yoast-schema-graph\">{\"@context\":\"https:\/\/schema.org\",\"@graph\":[{\"@type\":\"WebPage\",\"@id\":\"https:\/\/www.summerintheusa.com\/privacy-policy\/\",\"url\":\"https:\/\/www.summerintheusa.com\/privacy-policy\/\",\"name\":\"Privacy Policy - Summer in the USA - SUSA\",\"isPartOf\":{\"@id\":\"https:\/\/www.summerintheusa.com\/#website\"},\"datePublished\":\"2019-10-18T14:19:05+00:00\",\"dateModified\":\"2021-12-20T10:40:13+00:00\",\"breadcrumb\":{\"@id\":\"https:\/\/www.summerintheusa.com\/privacy-policy\/#breadcrumb\"},\"inLanguage\":\"eu-ES\",\"potentialAction\":[{\"@type\":\"ReadAction\",\"target\":[\"https:\/\/www.summerintheusa.com\/privacy-policy\/\"]}]},{\"@type\":\"BreadcrumbList\",\"@id\":\"https:\/\/www.summerintheusa.com\/privacy-policy\/#breadcrumb\",\"itemListElement\":[{\"@type\":\"ListItem\",\"position\":1,\"name\":\"Home\",\"item\":\"https:\/\/www.summerintheusa.com\/eu\/\"},{\"@type\":\"ListItem\",\"position\":2,\"name\":\"Privacy Policy\"}]},{\"@type\":\"WebSite\",\"@id\":\"https:\/\/www.summerintheusa.com\/#website\",\"url\":\"https:\/\/www.summerintheusa.com\/\",\"name\":\"Summer in the USA - SUSA\",\"description\":\"Aprender Ingl\u00e9s en el extranjero\",\"potentialAction\":[{\"@type\":\"SearchAction\",\"target\":{\"@type\":\"EntryPoint\",\"urlTemplate\":\"https:\/\/www.summerintheusa.com\/?s={search_term_string}\"},\"query-input\":{\"@type\":\"PropertyValueSpecification\",\"valueRequired\":true,\"valueName\":\"search_term_string\"}}],\"inLanguage\":\"eu-ES\"}]}<\/script>\n<!-- \/ Yoast SEO plugin. -->","yoast_head_json":{"title":"Privacy Policy - Summer in the USA - SUSA","robots":{"index":"index","follow":"follow","max-snippet":"max-snippet:-1","max-image-preview":"max-image-preview:large","max-video-preview":"max-video-preview:-1"},"canonical":"https:\/\/www.summerintheusa.com\/privacy-policy\/","og_locale":"eu_ES","og_type":"article","og_title":"Privacy Policy - Summer in the USA - SUSA","og_description":"AVISO LEGAL.- En cumplimiento de la Ley 34\/2002 de 11 de julio, de servicios de la sociedad de la informaci\u00f3n y comercio electr\u00f3nico le informamos que los datos del responsable de la web son: EMPRESA: ASOCIACION\u00a0 INTERCULTURAL\u00a0 INPACT\u00a0 ALLIANCE\u00a0 (SUMMER\u00a0 IN\u00a0 THE\u00a0 USA) DIRECCION: C\/...","og_url":"https:\/\/www.summerintheusa.com\/privacy-policy\/","og_site_name":"Summer in the USA - SUSA","article_modified_time":"2021-12-20T10:40:13+00:00","twitter_card":"summary_large_image","twitter_misc":{"Est. reading time":"5 minutes"},"schema":{"@context":"https:\/\/schema.org","@graph":[{"@type":"WebPage","@id":"https:\/\/www.summerintheusa.com\/privacy-policy\/","url":"https:\/\/www.summerintheusa.com\/privacy-policy\/","name":"Privacy Policy - Summer in the USA - SUSA","isPartOf":{"@id":"https:\/\/www.summerintheusa.com\/#website"},"datePublished":"2019-10-18T14:19:05+00:00","dateModified":"2021-12-20T10:40:13+00:00","breadcrumb":{"@id":"https:\/\/www.summerintheusa.com\/privacy-policy\/#breadcrumb"},"inLanguage":"eu-ES","potentialAction":[{"@type":"ReadAction","target":["https:\/\/www.summerintheusa.com\/privacy-policy\/"]}]},{"@type":"BreadcrumbList","@id":"https:\/\/www.summerintheusa.com\/privacy-policy\/#breadcrumb","itemListElement":[{"@type":"ListItem","position":1,"name":"Home","item":"https:\/\/www.summerintheusa.com\/eu\/"},{"@type":"ListItem","position":2,"name":"Privacy Policy"}]},{"@type":"WebSite","@id":"https:\/\/www.summerintheusa.com\/#website","url":"https:\/\/www.summerintheusa.com\/","name":"Summer in the USA - SUSA","description":"Aprender Ingl\u00e9s en el extranjero","potentialAction":[{"@type":"SearchAction","target":{"@type":"EntryPoint","urlTemplate":"https:\/\/www.summerintheusa.com\/?s={search_term_string}"},"query-input":{"@type":"PropertyValueSpecification","valueRequired":true,"valueName":"search_term_string"}}],"inLanguage":"eu-ES"}]}},"_links":{"self":[{"href":"https:\/\/www.summerintheusa.com\/eu\/wp-json\/wp\/v2\/pages\/18263","targetHints":{"allow":["GET"]}}],"collection":[{"href":"https:\/\/www.summerintheusa.com\/eu\/wp-json\/wp\/v2\/pages"}],"about":[{"href":"https:\/\/www.summerintheusa.com\/eu\/wp-json\/wp\/v2\/types\/page"}],"author":[{"embeddable":true,"href":"https:\/\/www.summerintheusa.com\/eu\/wp-json\/wp\/v2\/users\/1"}],"replies":[{"embeddable":true,"href":"https:\/\/www.summerintheusa.com\/eu\/wp-json\/wp\/v2\/comments?post=18263"}],"version-history":[{"count":2,"href":"https:\/\/www.summerintheusa.com\/eu\/wp-json\/wp\/v2\/pages\/18263\/revisions"}],"predecessor-version":[{"id":18853,"href":"https:\/\/www.summerintheusa.com\/eu\/wp-json\/wp\/v2\/pages\/18263\/revisions\/18853"}],"wp:attachment":[{"href":"https:\/\/www.summerintheusa.com\/eu\/wp-json\/wp\/v2\/media?parent=18263"}],"curies":[{"name":"wp","href":"https:\/\/api.w.org\/{rel}","templated":true}]}}