{"id":18892,"date":"2017-10-24T20:43:55","date_gmt":"2017-10-24T20:43:55","guid":{"rendered":"https:\/\/www.summerintheusa.com\/informacion-del-programa\/"},"modified":"2025-11-19T17:18:17","modified_gmt":"2025-11-19T16:18:17","slug":"informacion-del-programa","status":"publish","type":"page","link":"https:\/\/www.summerintheusa.com\/eu\/informacion-del-programa\/","title":{"rendered":"Informaci\u00f3n del Programa"},"content":{"rendered":"<div class=\"wpb-content-wrapper\"><p>[vc_row css_animation=&#8221;&#8221; row_type=&#8221;row&#8221; use_row_as_full_screen_section=&#8221;no&#8221; type=&#8221;grid&#8221; angled_section=&#8221;no&#8221; text_align=&#8221;left&#8221; background_image_as_pattern=&#8221;without_pattern&#8221;][vc_column][vc_column_text]<\/p>\n<h2>Informaci\u00f3n del Programa<\/h2>\n<p>[\/vc_column_text][vc_separator type=&#8221;transparent&#8221; thickness=&#8221;20&#8243;][\/vc_column][\/vc_row][vc_row css_animation=&#8221;&#8221; row_type=&#8221;row&#8221; use_row_as_full_screen_section=&#8221;no&#8221; type=&#8221;grid&#8221; angled_section=&#8221;no&#8221; text_align=&#8221;left&#8221; background_image_as_pattern=&#8221;without_pattern&#8221; padding_top=&#8221;0&#8243; padding_bottom=&#8221;0&#8243;][vc_column width=&#8221;1\/2&#8243;][vc_column_text css=&#8221;&#8221;]<\/p>\n<div class=\"nectar-fancy-ul animated-in\" data-list-icon=\"icon-ok-sign\" data-animation=\"true\" data-animation-delay=\"0\" data-color=\"accent-color\" data-alignment=\"left\">\n<div class=\"nectar-fancy-ul animated-in\" data-list-icon=\"icon-ok-sign\" data-animation=\"true\" data-animation-delay=\"0\" data-color=\"accent-color\" data-alignment=\"left\">\n<div class=\"nectar-fancy-ul animated-in\" data-list-icon=\"icon-ok-sign\" data-animation=\"true\" data-animation-delay=\"0\" data-color=\"accent-color\" data-alignment=\"left\">\n<div class=\"nectar-fancy-ul animated-in\" data-list-icon=\"icon-ok-sign\" data-animation=\"true\" data-animation-delay=\"0\" data-color=\"accent-color\" data-alignment=\"left\">\n<h3>El precio incluye:<\/h3>\n<ul>\n<li><i class=\"icon-default-style icon-ok-sign accent-color\"><\/i> Billete de avi\u00f3n (ida y vuelta) entre Bilbao y el destino final. Ser\u00e1 responsabilidad de cada estudiante llegar al aeropuerto de Bilbao a la hora indicada.<\/li>\n<li>Alojamiento en una familia americana<\/li>\n<li>Excursiones y actividades con la familia (var\u00edan dependiendo de la localidad en que se encuentre el estudiante).<\/li>\n<li>Monitores acompa\u00f1antes durante el viaje<\/li>\n<li>Supervisi\u00f3n de un coordinador norteamericano y vasco<\/li>\n<li>Seguro m\u00e9dico, de accidentes y de responsabilidad civil<\/li>\n<li>Seguro de cancelaci\u00f3n por motivos justificados en la p\u00f3liza<\/li>\n<li>Reuni\u00f3n de orientaci\u00f3n e informaci\u00f3n sobre el vuelo y el programa<\/li>\n<\/ul>\n<\/div>\n<\/div>\n<\/div>\n<\/div>\n<p>[\/vc_column_text][vc_separator type=&#8221;transparent&#8221; thickness=&#8221;20&#8243;][vc_column_text]<\/p>\n<div class=\"wpb_text_column wpb_content_element \">\n<div class=\"wpb_wrapper\">\n<div class=\"wpb_text_column wpb_content_element \">\n<div class=\"wpb_wrapper\">\n<div class=\"wpb_text_column wpb_content_element \">\n<div class=\"wpb_wrapper\">\n<h3>Monitores<\/h3>\n<p>Monitores de confianza acompa\u00f1ar\u00e1n a los estudiantes durante todo el viaje para solucionar cualquier problema que pudiera surgir durante el vuelo.<\/p>\n<p>A lo largo del mes, el monitor tambi\u00e9n estar\u00e1 disponible para poder ayudar con cualquier problema que pudiera surgir.<\/p>\n<\/div>\n<\/div>\n<\/div>\n<\/div>\n<\/div>\n<\/div>\n<p>[\/vc_column_text][\/vc_column][vc_column width=&#8221;1\/2&#8243;][vc_column_text css=&#8221;&#8221;]<\/p>\n<div class=\"wpb_text_column wpb_content_element \">\n<div class=\"wpb_wrapper\">\n<h3>Alojamiento \u2013 Estancia en familia<\/h3>\n<p>En familia americana en r\u00e9gimen de pensi\u00f3n completa. Seleccionamos cuidadosamente familias de confianza para garantizar que traten a nuestros estudiantes como un miembro m\u00e1s de la familia.<\/p>\n<p>Estas familias no reciben remuneraci\u00f3n a cambio, se ofrecen como voluntarias, ya que est\u00e1n realmente motivadas en disfrutar de esta experiencia intercultural con nuestros estudiantes. Las familias americanas con las que trabajamos son creyentes, por lo que los estudiantes los acompa\u00f1ar\u00e1n a misa o a distintas actividades para j\u00f3venes organizadas por las iglesias.<\/p>\n<\/div>\n<\/div>\n<p>[\/vc_column_text][vc_separator type=&#8221;transparent&#8221; thickness=&#8221;20&#8243;][vc_column_text css=&#8221;&#8221;]<\/p>\n<div class=\"wpb_text_column wpb_content_element \">\n<div class=\"wpb_wrapper\">\n<div class=\"wpb_text_column wpb_content_element \">\n<div class=\"wpb_wrapper\">\n<h3>Actividades para aprender ingl\u00e9s<\/h3>\n<p>La estancia en los EE.UU. tiene como objetivo practicar el ingl\u00e9s en el \u00e1mbito familiar. Por lo tanto, los estudiantes estar\u00e1n con sus familias la mayor\u00eda del mes y no deber\u00edan tener expectativas de estar con otros estudiantes m\u00e1s de una vez a la semana.<\/p>\n<p>Las familias organizan actividades para hacer con el estudiante. Las familias est\u00e1n realmente motivadas en tener a los estudiantes y hacen todo lo posible para que pasen un buen mes ofreci\u00e9ndoles lo mejor que tienen.<\/p>\n<p>Posibles actividades:<\/p>\n<ul>\n<li>D\u00eda de turismo en una ciudad cercana<\/li>\n<li>D\u00eda de compras<\/li>\n<li>Cine<\/li>\n<li>Cine al aire libre<\/li>\n<li>Barbacoa americana<\/li>\n<li>Eventos de deporte profesional<\/li>\n<li>Visita a sitios conocidos<\/li>\n<li>Esqu\u00ed acu\u00e1tico<\/li>\n<li>Pr\u00e1ctica de deportes<\/li>\n<li>Kayak<\/li>\n<li>Senderismo<\/li>\n<li>D\u00eda en el lago o en la monta\u00f1a<\/li>\n<li>Parque Acu\u00e1tico, Zoo\u2026<\/li>\n<\/ul>\n<p><em>* No todas las familias pueden ofrecer las mismas actividades. Algunas actividades pueden tener un coste adicional.<\/em><\/p>\n<\/div>\n<\/div>\n<\/div>\n<\/div>\n<p>[\/vc_column_text][\/vc_column][\/vc_row][vc_row css_animation=&#8221;&#8221; row_type=&#8221;row&#8221; use_row_as_full_screen_section=&#8221;no&#8221; type=&#8221;full_width&#8221; angled_section=&#8221;no&#8221; text_align=&#8221;left&#8221; background_image_as_pattern=&#8221;without_pattern&#8221;][vc_column][vc_separator type=&#8221;transparent&#8221; thickness=&#8221;50&#8243;][\/vc_column][\/vc_row]<\/p>\n<\/div>","protected":false},"excerpt":{"rendered":"<p>[vc_row css_animation=&#8221;&#8221; row_type=&#8221;row&#8221; use_row_as_full_screen_section=&#8221;no&#8221; type=&#8221;grid&#8221; angled_section=&#8221;no&#8221; text_align=&#8221;left&#8221; background_image_as_pattern=&#8221;without_pattern&#8221;][vc_column][vc_column_text] Informaci\u00f3n del Programa [\/vc_column_text][vc_separator type=&#8221;transparent&#8221; thickness=&#8221;20&#8243;][\/vc_column][\/vc_row][vc_row css_animation=&#8221;&#8221; row_type=&#8221;row&#8221; use_row_as_full_screen_section=&#8221;no&#8221; type=&#8221;grid&#8221; angled_section=&#8221;no&#8221; text_align=&#8221;left&#8221; background_image_as_pattern=&#8221;without_pattern&#8221; padding_top=&#8221;0&#8243; padding_bottom=&#8221;0&#8243;][vc_column width=&#8221;1\/2&#8243;][vc_column_text css=&#8221;&#8221;] El precio incluye: Billete de avi\u00f3n (ida y vuelta) entre Bilbao y el destino final. Ser\u00e1 responsabilidad de cada estudiante&#8230;<\/p>\n","protected":false},"author":1,"featured_media":0,"parent":0,"menu_order":0,"comment_status":"open","ping_status":"open","template":"full_width.php","meta":{"footnotes":""},"class_list":["post-18892","page","type-page","status-publish","hentry"],"yoast_head":"<!-- This site is optimized with the Yoast SEO plugin v26.9 - https:\/\/yoast.com\/product\/yoast-seo-wordpress\/ -->\n<title>Informaci\u00f3n del Programa - Summer in the USA - SUSA<\/title>\n<meta name=\"robots\" content=\"index, follow, max-snippet:-1, max-image-preview:large, max-video-preview:-1\" \/>\n<link rel=\"canonical\" href=\"https:\/\/www.summerintheusa.com\/eu\/informacion-del-programa-2\/\" \/>\n<meta property=\"og:locale\" content=\"eu_ES\" \/>\n<meta property=\"og:type\" content=\"article\" \/>\n<meta property=\"og:title\" content=\"Informaci\u00f3n del Programa - Summer in the USA - SUSA\" \/>\n<meta property=\"og:description\" content=\"[vc_row css_animation=&#8221;&#8221; row_type=&#8221;row&#8221; use_row_as_full_screen_section=&#8221;no&#8221; type=&#8221;grid&#8221; angled_section=&#8221;no&#8221; text_align=&#8221;left&#8221; background_image_as_pattern=&#8221;without_pattern&#8221;][vc_column][vc_column_text] Informaci\u00f3n del Programa [\/vc_column_text][vc_separator type=&#8221;transparent&#8221; thickness=&#8221;20&#8243;][\/vc_column][\/vc_row][vc_row css_animation=&#8221;&#8221; row_type=&#8221;row&#8221; use_row_as_full_screen_section=&#8221;no&#8221; type=&#8221;grid&#8221; angled_section=&#8221;no&#8221; text_align=&#8221;left&#8221; background_image_as_pattern=&#8221;without_pattern&#8221; padding_top=&#8221;0&#8243; padding_bottom=&#8221;0&#8243;][vc_column width=&#8221;1\/2&#8243;][vc_column_text css=&#8221;&#8221;] El precio incluye: Billete de avi\u00f3n (ida y vuelta) entre Bilbao y el destino final. Ser\u00e1 responsabilidad de cada estudiante...\" \/>\n<meta property=\"og:url\" content=\"https:\/\/www.summerintheusa.com\/eu\/informacion-del-programa-2\/\" \/>\n<meta property=\"og:site_name\" content=\"Summer in the USA - SUSA\" \/>\n<meta property=\"article:modified_time\" content=\"2025-11-19T16:18:17+00:00\" \/>\n<meta name=\"twitter:card\" content=\"summary_large_image\" \/>\n<meta name=\"twitter:label1\" content=\"Est. reading time\" \/>\n\t<meta name=\"twitter:data1\" content=\"2 minutes\" \/>\n<script type=\"application\/ld+json\" class=\"yoast-schema-graph\">{\"@context\":\"https:\/\/schema.org\",\"@graph\":[{\"@type\":\"WebPage\",\"@id\":\"https:\/\/www.summerintheusa.com\/eu\/informacion-del-programa-2\/\",\"url\":\"https:\/\/www.summerintheusa.com\/eu\/informacion-del-programa-2\/\",\"name\":\"Informaci\u00f3n del Programa - Summer in the USA - SUSA\",\"isPartOf\":{\"@id\":\"https:\/\/www.summerintheusa.com\/#website\"},\"datePublished\":\"2017-10-24T20:43:55+00:00\",\"dateModified\":\"2025-11-19T16:18:17+00:00\",\"breadcrumb\":{\"@id\":\"https:\/\/www.summerintheusa.com\/eu\/informacion-del-programa-2\/#breadcrumb\"},\"inLanguage\":\"eu-ES\",\"potentialAction\":[{\"@type\":\"ReadAction\",\"target\":[\"https:\/\/www.summerintheusa.com\/eu\/informacion-del-programa-2\/\"]}]},{\"@type\":\"BreadcrumbList\",\"@id\":\"https:\/\/www.summerintheusa.com\/eu\/informacion-del-programa-2\/#breadcrumb\",\"itemListElement\":[{\"@type\":\"ListItem\",\"position\":1,\"name\":\"Home\",\"item\":\"https:\/\/www.summerintheusa.com\/eu\/\"},{\"@type\":\"ListItem\",\"position\":2,\"name\":\"Informaci\u00f3n del Programa\"}]},{\"@type\":\"WebSite\",\"@id\":\"https:\/\/www.summerintheusa.com\/#website\",\"url\":\"https:\/\/www.summerintheusa.com\/\",\"name\":\"Summer in the USA - SUSA\",\"description\":\"Aprender Ingl\u00e9s en el extranjero\",\"potentialAction\":[{\"@type\":\"SearchAction\",\"target\":{\"@type\":\"EntryPoint\",\"urlTemplate\":\"https:\/\/www.summerintheusa.com\/?s={search_term_string}\"},\"query-input\":{\"@type\":\"PropertyValueSpecification\",\"valueRequired\":true,\"valueName\":\"search_term_string\"}}],\"inLanguage\":\"eu-ES\"}]}<\/script>\n<!-- \/ Yoast SEO plugin. -->","yoast_head_json":{"title":"Informaci\u00f3n del Programa - Summer in the USA - SUSA","robots":{"index":"index","follow":"follow","max-snippet":"max-snippet:-1","max-image-preview":"max-image-preview:large","max-video-preview":"max-video-preview:-1"},"canonical":"https:\/\/www.summerintheusa.com\/eu\/informacion-del-programa-2\/","og_locale":"eu_ES","og_type":"article","og_title":"Informaci\u00f3n del Programa - Summer in the USA - SUSA","og_description":"[vc_row css_animation=&#8221;&#8221; row_type=&#8221;row&#8221; use_row_as_full_screen_section=&#8221;no&#8221; type=&#8221;grid&#8221; angled_section=&#8221;no&#8221; text_align=&#8221;left&#8221; background_image_as_pattern=&#8221;without_pattern&#8221;][vc_column][vc_column_text] Informaci\u00f3n del Programa [\/vc_column_text][vc_separator type=&#8221;transparent&#8221; thickness=&#8221;20&#8243;][\/vc_column][\/vc_row][vc_row css_animation=&#8221;&#8221; row_type=&#8221;row&#8221; use_row_as_full_screen_section=&#8221;no&#8221; type=&#8221;grid&#8221; angled_section=&#8221;no&#8221; text_align=&#8221;left&#8221; background_image_as_pattern=&#8221;without_pattern&#8221; padding_top=&#8221;0&#8243; padding_bottom=&#8221;0&#8243;][vc_column width=&#8221;1\/2&#8243;][vc_column_text css=&#8221;&#8221;] El precio incluye: Billete de avi\u00f3n (ida y vuelta) entre Bilbao y el destino final. Ser\u00e1 responsabilidad de cada estudiante...","og_url":"https:\/\/www.summerintheusa.com\/eu\/informacion-del-programa-2\/","og_site_name":"Summer in the USA - SUSA","article_modified_time":"2025-11-19T16:18:17+00:00","twitter_card":"summary_large_image","twitter_misc":{"Est. reading time":"2 minutes"},"schema":{"@context":"https:\/\/schema.org","@graph":[{"@type":"WebPage","@id":"https:\/\/www.summerintheusa.com\/eu\/informacion-del-programa-2\/","url":"https:\/\/www.summerintheusa.com\/eu\/informacion-del-programa-2\/","name":"Informaci\u00f3n del Programa - Summer in the USA - SUSA","isPartOf":{"@id":"https:\/\/www.summerintheusa.com\/#website"},"datePublished":"2017-10-24T20:43:55+00:00","dateModified":"2025-11-19T16:18:17+00:00","breadcrumb":{"@id":"https:\/\/www.summerintheusa.com\/eu\/informacion-del-programa-2\/#breadcrumb"},"inLanguage":"eu-ES","potentialAction":[{"@type":"ReadAction","target":["https:\/\/www.summerintheusa.com\/eu\/informacion-del-programa-2\/"]}]},{"@type":"BreadcrumbList","@id":"https:\/\/www.summerintheusa.com\/eu\/informacion-del-programa-2\/#breadcrumb","itemListElement":[{"@type":"ListItem","position":1,"name":"Home","item":"https:\/\/www.summerintheusa.com\/eu\/"},{"@type":"ListItem","position":2,"name":"Informaci\u00f3n del Programa"}]},{"@type":"WebSite","@id":"https:\/\/www.summerintheusa.com\/#website","url":"https:\/\/www.summerintheusa.com\/","name":"Summer in the USA - SUSA","description":"Aprender Ingl\u00e9s en el extranjero","potentialAction":[{"@type":"SearchAction","target":{"@type":"EntryPoint","urlTemplate":"https:\/\/www.summerintheusa.com\/?s={search_term_string}"},"query-input":{"@type":"PropertyValueSpecification","valueRequired":true,"valueName":"search_term_string"}}],"inLanguage":"eu-ES"}]}},"_links":{"self":[{"href":"https:\/\/www.summerintheusa.com\/eu\/wp-json\/wp\/v2\/pages\/18892","targetHints":{"allow":["GET"]}}],"collection":[{"href":"https:\/\/www.summerintheusa.com\/eu\/wp-json\/wp\/v2\/pages"}],"about":[{"href":"https:\/\/www.summerintheusa.com\/eu\/wp-json\/wp\/v2\/types\/page"}],"author":[{"embeddable":true,"href":"https:\/\/www.summerintheusa.com\/eu\/wp-json\/wp\/v2\/users\/1"}],"replies":[{"embeddable":true,"href":"https:\/\/www.summerintheusa.com\/eu\/wp-json\/wp\/v2\/comments?post=18892"}],"version-history":[{"count":7,"href":"https:\/\/www.summerintheusa.com\/eu\/wp-json\/wp\/v2\/pages\/18892\/revisions"}],"predecessor-version":[{"id":19775,"href":"https:\/\/www.summerintheusa.com\/eu\/wp-json\/wp\/v2\/pages\/18892\/revisions\/19775"}],"wp:attachment":[{"href":"https:\/\/www.summerintheusa.com\/eu\/wp-json\/wp\/v2\/media?parent=18892"}],"curies":[{"name":"wp","href":"https:\/\/api.w.org\/{rel}","templated":true}]}}